{"id":1999,"date":"2022-04-19T10:39:28","date_gmt":"2022-04-19T08:39:28","guid":{"rendered":"https:\/\/monstrofun.ch\/tarife\/"},"modified":"2024-07-30T21:59:42","modified_gmt":"2024-07-30T19:59:42","slug":"tarife","status":"publish","type":"page","link":"https:\/\/monstrofun.ch\/de\/tarife\/","title":{"rendered":"Tarife"},"content":{"rendered":"<div class=\"wpb-content-wrapper\"><p>[vc_row dfd_row_config=&#8221;full_width_content&#8221;][vc_column]<div class=\"dfd-spacer-module\"  data-units=\"px\" data-wide_resolution=\"1280\" data-wide_size=\"50\" data-normal_resolution=\"1024\" data-normal_size=\"50\" data-tablet_resolution=\"800\" data-tablet_size=\"50\" data-mobile_resolution=\"480\" data-mobile_size=\"\" style=\"height: 50px;\"><\/div>[\/vc_column][\/vc_row][vc_row dfd_row_config=&#8221;full_width_content&#8221; dfd_row_responsive_enable=&#8221;dfd-row-responsive-enable&#8221; css=&#8221;.vc_custom_1638804696185{padding-right: 10% !important;padding-left: 10% !important;}&#8221; responsive_styles=&#8221;padding_left_mobile:20|padding_right_mobile:20&#8243;][vc_column col_shadow=&#8221;box_shadow_enable:enable|shadow_horizontal:0|shadow_vertical:15|shadow_blur:50|shadow_spread:0|box_shadow_color:rgba(174%2C181%2C209%2C0.47)&#8221; col_shadow_hover=&#8221;box_shadow_enable:enable|shadow_horizontal:0|shadow_vertical:15|shadow_blur:50|shadow_spread:0|box_shadow_color:rgba(174%2C181%2C209%2C0.47)&#8221; el_class=&#8221;box-radius&#8221; css=&#8221;.vc_custom_1628753034302{padding-top: 5% !important;padding-right: 5% !important;padding-bottom: 5% !important;padding-left: 5% !important;}&#8221;][vc_row_inner][vc_column_inner width=&#8221;1\/2&#8243;]<div class=\"dfd-spacer-module\"  data-units=\"px\" data-wide_resolution=\"1280\" data-wide_size=\"30\" data-normal_resolution=\"1024\" data-normal_size=\"30\" data-tablet_resolution=\"800\" data-tablet_size=\"30\" data-mobile_resolution=\"480\" data-mobile_size=\"30\" style=\"height: 30px;\"><\/div><div class=\"dfd-heading-shortcode\"><div class=\"dfd-heading-module-wrap  text-left style_01 cr-animate-gen dfd-heading-69d5e122c5e7d dfd-disable-resposive-headings\" id=\"dfd-heading-69d5e122c5e7d\" data-animate-type = \"transition.slideLeftBigIn\" ><div class=\"inline-block\"><div class=\"dfd-heading-module\"><h1 class=\"widget-title dfd-title \" style=\"\">Wie viel es kostet?<\/h1><\/div><\/div><\/div><script type=\"text\/javascript\">\r\n\t\t\t\t\t\t\t\t\t(function($) {\r\n\t\t\t\t\t\t\t\t\t\t$(\"head\").append(\"<style>.dfd-heading-69d5e122c5e7d.dfd-heading-module-wrap .dfd-heading-module .dfd-heading-delimiter {margin-top:10px;margin-bottom:10px;}@media (max-width: 799px){.dfd-heading-69d5e122c5e7d .dfd-title{font-size: 35px !important;line-height: 50px !important;}}<\/style>\");\r\n\t\t\t\t\t\t\t\t\t})(jQuery);\r\n\t\t\t\t\t\t\t\t<\/script><\/div><div class=\"dfd-spacer-module\"  data-units=\"px\" data-wide_resolution=\"1280\" data-wide_size=\"25\" data-normal_resolution=\"1024\" data-normal_size=\"25\" data-tablet_resolution=\"800\" data-tablet_size=\"25\" data-mobile_resolution=\"480\" data-mobile_size=\"25\" style=\"height: 25px;\"><\/div><div class=\"dfd-heading-shortcode\"><div class=\"dfd-heading-module-wrap  text-left style_01 cr-animate-gen dfd-heading-69d5e122c6023 dfd-disable-resposive-headings\" id=\"dfd-heading-69d5e122c6023\" data-animate-type = \"transition.slideLeftBigIn\" ><div class=\"inline-block\"><div class=\"dfd-heading-module\"><h3 class=\"widget-title dfd-title \" style=\"\">Kind 2 bis 12 Jahre<\/h3><\/div><\/div><\/div><script type=\"text\/javascript\">\r\n\t\t\t\t\t\t\t\t\t(function($) {\r\n\t\t\t\t\t\t\t\t\t\t$(\"head\").append(\"<style>.dfd-heading-69d5e122c6023.dfd-heading-module-wrap .dfd-heading-module .dfd-heading-delimiter {margin-top:10px;margin-bottom:10px;}<\/style>\");\r\n\t\t\t\t\t\t\t\t\t})(jQuery);\r\n\t\t\t\t\t\t\t\t<\/script><\/div>[vc_column_text css=&#8221;&#8221; item_animation=&#8221;transition.slideLeftBigIn&#8221;]CHF 12.- (mit 1 M\u00fcnze f\u00fcr elektrische Miniautos, Airhockey oder kleine Karussells)[\/vc_column_text]<div class=\"dfd-spacer-module\"  data-units=\"px\" data-wide_resolution=\"1280\" data-wide_size=\"25\" data-normal_resolution=\"1024\" data-normal_size=\"25\" data-tablet_resolution=\"800\" data-tablet_size=\"25\" data-mobile_resolution=\"480\" data-mobile_size=\"25\" style=\"height: 25px;\"><\/div><div class=\"dfd-heading-shortcode\"><div class=\"dfd-heading-module-wrap  text-left style_01 cr-animate-gen dfd-heading-69d5e122c610e dfd-disable-resposive-headings\" id=\"dfd-heading-69d5e122c610e\" data-animate-type = \"transition.slideLeftBigIn\" ><div class=\"inline-block\"><div class=\"dfd-heading-module\"><h3 class=\"widget-title dfd-title \" style=\"\">Kind unter 2 Jahren<\/h3><\/div><\/div><\/div><script type=\"text\/javascript\">\r\n\t\t\t\t\t\t\t\t\t(function($) {\r\n\t\t\t\t\t\t\t\t\t\t$(\"head\").append(\"<style>.dfd-heading-69d5e122c610e.dfd-heading-module-wrap .dfd-heading-module .dfd-heading-delimiter {margin-top:10px;margin-bottom:10px;}<\/style>\");\r\n\t\t\t\t\t\t\t\t\t})(jQuery);\r\n\t\t\t\t\t\t\t\t<\/script><\/div>[vc_column_text css=&#8221;&#8221; item_animation=&#8221;transition.slideLeftBigIn&#8221;]CHF 6.- (mit 1 M\u00fcnze f\u00fcr elektrische Miniautos, Airhockey oder kleine Karussells)<\/p>\n<p>ODER kostenlos (ohne M\u00fcnze), wenn ein Kind zwischen 2 und 12 Jahren dabei ist[\/vc_column_text]<div class=\"dfd-spacer-module\"  data-units=\"px\" data-wide_resolution=\"1280\" data-wide_size=\"25\" data-normal_resolution=\"1024\" data-normal_size=\"25\" data-tablet_resolution=\"800\" data-tablet_size=\"25\" data-mobile_resolution=\"480\" data-mobile_size=\"25\" style=\"height: 25px;\"><\/div><div class=\"dfd-heading-shortcode\"><div class=\"dfd-heading-module-wrap  text-left style_01 cr-animate-gen dfd-heading-69d5e122c6245 dfd-disable-resposive-headings\" id=\"dfd-heading-69d5e122c6245\" data-animate-type = \"transition.slideLeftBigIn\" ><div class=\"inline-block\"><div class=\"dfd-heading-module\"><h3 class=\"widget-title dfd-title \" style=\"\">Erwachsene<\/h3><\/div><\/div><\/div><script type=\"text\/javascript\">\r\n\t\t\t\t\t\t\t\t\t(function($) {\r\n\t\t\t\t\t\t\t\t\t\t$(\"head\").append(\"<style>.dfd-heading-69d5e122c6245.dfd-heading-module-wrap .dfd-heading-module .dfd-heading-delimiter {margin-top:10px;margin-bottom:10px;}<\/style>\");\r\n\t\t\t\t\t\t\t\t\t})(jQuery);\r\n\t\t\t\t\t\t\t\t<\/script><\/div>[vc_column_text item_animation=&#8221;transition.slideLeftBigIn&#8221;]Kostenlos[\/vc_column_text]<div class=\"dfd-spacer-module\"  data-units=\"px\" data-wide_resolution=\"1280\" data-wide_size=\"45\" data-normal_resolution=\"1024\" data-normal_size=\"45\" data-tablet_resolution=\"800\" data-tablet_size=\"45\" data-mobile_resolution=\"480\" data-mobile_size=\"45\" style=\"height: 45px;\"><\/div>[\/vc_column_inner][vc_column_inner width=&#8221;1\/2&#8243;]<div class=\"dfd-spacer-module\"  data-units=\"px\" data-wide_resolution=\"1280\" data-wide_size=\"30\" data-normal_resolution=\"1024\" data-normal_size=\"30\" data-tablet_resolution=\"800\" data-tablet_size=\"30\" data-mobile_resolution=\"480\" data-mobile_size=\"15\" style=\"height: 30px;\"><\/div><div id=\"dfd-single-image-module69d5e122c6712-8158\" class=\"dfd-single-image-module  image-center  cr-animate-gen\" data-animate-type = \"transition.expandIn\" ><img loading=\"lazy\" decoding=\"async\" src=\"https:\/\/monstrofun.ch\/wp-content\/uploads\/2021\/12\/grouf-229x300.png\" width=\"229\" height=\"300\"  alt=\"grouf personnage Monstrofun\" \/><\/div>[\/vc_column_inner][\/vc_row_inner][\/vc_column][\/vc_row][vc_row dfd_row_config=&#8221;full_width_content&#8221;][vc_column]<div class=\"dfd-spacer-module\"  data-units=\"px\" data-wide_resolution=\"1280\" data-wide_size=\"150\" data-normal_resolution=\"1024\" data-normal_size=\"150\" data-tablet_resolution=\"800\" data-tablet_size=\"150\" data-mobile_resolution=\"480\" data-mobile_size=\"80\" style=\"height: 150px;\"><\/div>[\/vc_column][\/vc_row]<\/p>\n<\/div>","protected":false},"excerpt":{"rendered":"<p>[vc_row dfd_row_config=&#8221;full_width_content&#8221;][vc_column][\/vc_column][\/vc_row][vc_row dfd_row_config=&#8221;full_width_content&#8221; dfd_row_responsive_enable=&#8221;dfd-row-responsive-enable&#8221; css=&#8221;.vc_custom_1638804696185{padding-right: 10% !important;padding-left: 10% !important;}&#8221; responsive_styles=&#8221;padding_left_mobile:20|padding_right_mobile:20&#8243;][vc_column col_shadow=&#8221;box_shadow_enable:enable|shadow_horizontal:0|shadow_vertical:15|shadow_blur:50|shadow_spread:0|box_shadow_color:rgba(174%2C181%2C209%2C0.47)&#8221; col_shadow_hover=&#8221;box_shadow_enable:enable|shadow_horizontal:0|shadow_vertical:15|shadow_blur:50|shadow_spread:0|box_shadow_color:rgba(174%2C181%2C209%2C0.47)&#8221; el_class=&#8221;box-radius&#8221; css=&#8221;.vc_custom_1628753034302{padding-top: 5% !important;padding-right: 5% !important;padding-bottom: 5% !important;padding-left: 5% !important;}&#8221;][vc_row_inner][vc_column_inner width=&#8221;1\/2&#8243;][vc_column_text css=&#8221;&#8221; item_animation=&#8221;transition.slideLeftBigIn&#8221;]CHF 12.- (mit 1 M\u00fcnze f\u00fcr<\/p>\n","protected":false},"author":1,"featured_media":0,"parent":0,"menu_order":0,"comment_status":"closed","ping_status":"closed","template":"page-custom-with-header.php","meta":{"inline_featured_image":false,"footnotes":""},"class_list":["post-1999","page","type-page","status-publish","hentry"],"yoast_head":"<!-- This site is optimized with the Yoast SEO plugin v27.3 - https:\/\/yoast.com\/product\/yoast-seo-wordpress\/ -->\n<title>Preise und Eintrittskarten f\u00fcr den Monstrofun-Park<\/title>\n<meta name=\"description\" content=\"Der Eintrittspreis bietet unbegrenzten Zugang zum Park, die M\u00f6glichkeit, Chips f\u00fcr Mini-Karting, Tischfu\u00dfball und Air-Hockey zu kaufen.\" \/>\n<meta name=\"robots\" content=\"index, follow, max-snippet:-1, max-image-preview:large, max-video-preview:-1\" \/>\n<link rel=\"canonical\" href=\"https:\/\/monstrofun.ch\/de\/tarife\/\" \/>\n<meta property=\"og:locale\" content=\"de_DE\" \/>\n<meta property=\"og:type\" content=\"article\" \/>\n<meta property=\"og:title\" content=\"Preise und Eintrittskarten f\u00fcr den Monstrofun-Park\" \/>\n<meta property=\"og:description\" content=\"Der Eintrittspreis bietet unbegrenzten Zugang zum Park, die M\u00f6glichkeit, Chips f\u00fcr Mini-Karting, Tischfu\u00dfball und Air-Hockey zu kaufen.\" \/>\n<meta property=\"og:url\" content=\"https:\/\/monstrofun.ch\/de\/tarife\/\" \/>\n<meta property=\"og:site_name\" content=\"Monstrofun\" \/>\n<meta property=\"article:modified_time\" content=\"2024-07-30T19:59:42+00:00\" \/>\n<meta name=\"twitter:card\" content=\"summary_large_image\" \/>\n<meta name=\"twitter:label1\" content=\"Est. reading time\" \/>\n\t<meta name=\"twitter:data1\" content=\"2 minutes\" \/>\n<script type=\"application\/ld+json\" class=\"yoast-schema-graph\">{\"@context\":\"https:\\\/\\\/schema.org\",\"@graph\":[{\"@type\":\"WebPage\",\"@id\":\"https:\\\/\\\/monstrofun.ch\\\/de\\\/tarife\\\/\",\"url\":\"https:\\\/\\\/monstrofun.ch\\\/de\\\/tarife\\\/\",\"name\":\"Preise und Eintrittskarten f\u00fcr den Monstrofun-Park\",\"isPartOf\":{\"@id\":\"https:\\\/\\\/monstrofun.ch\\\/#website\"},\"datePublished\":\"2022-04-19T08:39:28+00:00\",\"dateModified\":\"2024-07-30T19:59:42+00:00\",\"description\":\"Der Eintrittspreis bietet unbegrenzten Zugang zum Park, die M\u00f6glichkeit, Chips f\u00fcr Mini-Karting, Tischfu\u00dfball und Air-Hockey zu kaufen.\",\"breadcrumb\":{\"@id\":\"https:\\\/\\\/monstrofun.ch\\\/de\\\/tarife\\\/#breadcrumb\"},\"inLanguage\":\"de-DE\",\"potentialAction\":[{\"@type\":\"ReadAction\",\"target\":[\"https:\\\/\\\/monstrofun.ch\\\/de\\\/tarife\\\/\"]}]},{\"@type\":\"BreadcrumbList\",\"@id\":\"https:\\\/\\\/monstrofun.ch\\\/de\\\/tarife\\\/#breadcrumb\",\"itemListElement\":[{\"@type\":\"ListItem\",\"position\":1,\"name\":\"Accueil\",\"item\":\"https:\\\/\\\/monstrofun.ch\\\/de\\\/\"},{\"@type\":\"ListItem\",\"position\":2,\"name\":\"Tarife\"}]},{\"@type\":\"WebSite\",\"@id\":\"https:\\\/\\\/monstrofun.ch\\\/#website\",\"url\":\"https:\\\/\\\/monstrofun.ch\\\/\",\"name\":\"Monstrofun\",\"description\":\"Un site utilisant WordPress\",\"potentialAction\":[{\"@type\":\"SearchAction\",\"target\":{\"@type\":\"EntryPoint\",\"urlTemplate\":\"https:\\\/\\\/monstrofun.ch\\\/?s={search_term_string}\"},\"query-input\":{\"@type\":\"PropertyValueSpecification\",\"valueRequired\":true,\"valueName\":\"search_term_string\"}}],\"inLanguage\":\"de-DE\"}]}<\/script>\n<!-- \/ Yoast SEO plugin. -->","yoast_head_json":{"title":"Preise und Eintrittskarten f\u00fcr den Monstrofun-Park","description":"Der Eintrittspreis bietet unbegrenzten Zugang zum Park, die M\u00f6glichkeit, Chips f\u00fcr Mini-Karting, Tischfu\u00dfball und Air-Hockey zu kaufen.","robots":{"index":"index","follow":"follow","max-snippet":"max-snippet:-1","max-image-preview":"max-image-preview:large","max-video-preview":"max-video-preview:-1"},"canonical":"https:\/\/monstrofun.ch\/de\/tarife\/","og_locale":"de_DE","og_type":"article","og_title":"Preise und Eintrittskarten f\u00fcr den Monstrofun-Park","og_description":"Der Eintrittspreis bietet unbegrenzten Zugang zum Park, die M\u00f6glichkeit, Chips f\u00fcr Mini-Karting, Tischfu\u00dfball und Air-Hockey zu kaufen.","og_url":"https:\/\/monstrofun.ch\/de\/tarife\/","og_site_name":"Monstrofun","article_modified_time":"2024-07-30T19:59:42+00:00","twitter_card":"summary_large_image","twitter_misc":{"Est. reading time":"2 minutes"},"schema":{"@context":"https:\/\/schema.org","@graph":[{"@type":"WebPage","@id":"https:\/\/monstrofun.ch\/de\/tarife\/","url":"https:\/\/monstrofun.ch\/de\/tarife\/","name":"Preise und Eintrittskarten f\u00fcr den Monstrofun-Park","isPartOf":{"@id":"https:\/\/monstrofun.ch\/#website"},"datePublished":"2022-04-19T08:39:28+00:00","dateModified":"2024-07-30T19:59:42+00:00","description":"Der Eintrittspreis bietet unbegrenzten Zugang zum Park, die M\u00f6glichkeit, Chips f\u00fcr Mini-Karting, Tischfu\u00dfball und Air-Hockey zu kaufen.","breadcrumb":{"@id":"https:\/\/monstrofun.ch\/de\/tarife\/#breadcrumb"},"inLanguage":"de-DE","potentialAction":[{"@type":"ReadAction","target":["https:\/\/monstrofun.ch\/de\/tarife\/"]}]},{"@type":"BreadcrumbList","@id":"https:\/\/monstrofun.ch\/de\/tarife\/#breadcrumb","itemListElement":[{"@type":"ListItem","position":1,"name":"Accueil","item":"https:\/\/monstrofun.ch\/de\/"},{"@type":"ListItem","position":2,"name":"Tarife"}]},{"@type":"WebSite","@id":"https:\/\/monstrofun.ch\/#website","url":"https:\/\/monstrofun.ch\/","name":"Monstrofun","description":"Un site utilisant WordPress","potentialAction":[{"@type":"SearchAction","target":{"@type":"EntryPoint","urlTemplate":"https:\/\/monstrofun.ch\/?s={search_term_string}"},"query-input":{"@type":"PropertyValueSpecification","valueRequired":true,"valueName":"search_term_string"}}],"inLanguage":"de-DE"}]}},"_links":{"self":[{"href":"https:\/\/monstrofun.ch\/de\/wp-json\/wp\/v2\/pages\/1999","targetHints":{"allow":["GET"]}}],"collection":[{"href":"https:\/\/monstrofun.ch\/de\/wp-json\/wp\/v2\/pages"}],"about":[{"href":"https:\/\/monstrofun.ch\/de\/wp-json\/wp\/v2\/types\/page"}],"author":[{"embeddable":true,"href":"https:\/\/monstrofun.ch\/de\/wp-json\/wp\/v2\/users\/1"}],"replies":[{"embeddable":true,"href":"https:\/\/monstrofun.ch\/de\/wp-json\/wp\/v2\/comments?post=1999"}],"version-history":[{"count":6,"href":"https:\/\/monstrofun.ch\/de\/wp-json\/wp\/v2\/pages\/1999\/revisions"}],"predecessor-version":[{"id":3432,"href":"https:\/\/monstrofun.ch\/de\/wp-json\/wp\/v2\/pages\/1999\/revisions\/3432"}],"wp:attachment":[{"href":"https:\/\/monstrofun.ch\/de\/wp-json\/wp\/v2\/media?parent=1999"}],"curies":[{"name":"wp","href":"https:\/\/api.w.org\/{rel}","templated":true}]}}